{"id":24506,"date":"2024-11-27T14:30:50","date_gmt":"2024-11-27T14:30:50","guid":{"rendered":"https:\/\/denuncias.pt\/clinicadase\/?page_id=24506"},"modified":"2024-11-28T17:39:25","modified_gmt":"2024-11-28T17:39:25","slug":"politica-de-cookies","status":"publish","type":"page","link":"https:\/\/denuncias.pt\/clinicadase\/p\/politica-de-cookies\/","title":{"rendered":"Pol\u00edtica de Cookies"},"content":{"rendered":"\n<h2 class=\"wp-block-heading\"><strong>Pol\u00edtica de Cookies<\/strong><\/h2>\n\n\n\n<p><strong>1.Compromisso de Prote\u00e7\u00e3o de Dados e de Privacidade<\/strong><\/p>\n\n\n\n<p>A Pol\u00edtica de Cookies ou de Testemunhos de Conex\u00e3o regula o tratamento de dados, incluindo dados pessoais, dos utilizadores (\u201cUtilizador\u201d ou \u201cUtilizadores\u201d), recolhidos no \u00e2mbito da utiliza\u00e7\u00e3o dos s\u00edtios eletr\u00f3nicos ou aplica\u00e7\u00f5es atrav\u00e9s de Cookies, pela Cl\u00ednica da S\u00e9, Lda., NIPC 511024215, enquanto entidade respons\u00e1vel pelo tratamento, designada doravante como \u201cCl\u00ednica da S\u00e9\u201d.<\/p>\n\n\n\n<p>A presente Pol\u00edtica de Cookies informa quais s\u00e3o os tipos de Cookies utilizados pela Cl\u00ednica da S\u00e9 no seu s\u00edtio eletr\u00f3nico acess\u00edvel atrav\u00e9s da hiperliga\u00e7\u00e3o&nbsp;<a href=\"http:\/\/www.clinicadase.pt\/\">www.clinicadase.pt<\/a>, ficando exclu\u00eddos outros s\u00edtios que podem ter Pol\u00edticas de Cookies espec\u00edficas.<\/p>\n\n\n\n<p>\u00c9 poss\u00edvel escolher os tipos de Cookies que podem ser descarregados para o seu dispositivo de acesso \u00e0 internet (computador, telem\u00f3vel, tablet, etc.) atrav\u00e9s das defini\u00e7\u00f5es de privacidade nas op\u00e7\u00f5es do navegador de internet utilizado (doravante designado por \u201cbrowser\u201d).<\/p>\n\n\n\n<p><strong>2.Pol\u00edtica de Cookies e Pol\u00edtica de Prote\u00e7\u00e3o de Dados<\/strong><\/p>\n\n\n\n<p>Esta Pol\u00edtica de Cookies deve ser lida pelo Utilizador em conjuga\u00e7\u00e3o com a Pol\u00edtica de Prote\u00e7\u00e3o de Dados Pessoais geral da Cl\u00ednica da S\u00e9, acess\u00edvel ao Utilizador atrav\u00e9s da liga\u00e7\u00e3o <a href=\"https:\/\/clinicadase.protecaodedados.com\/clinicadase\/politicas\/\">https:\/\/clinicadase.protecaodedados.com\/clinicadase\/politicas\/<\/a>.<\/p>\n\n\n\n<p><strong>3.Pontos de Contacto<\/strong><\/p>\n\n\n\n<p>Para quaisquer quest\u00f5es sobre a Pol\u00edtica de Cookies, poder\u00e1 contactar a Cl\u00ednica da S\u00e9 atrav\u00e9s dos seguintes pontos de contacto:<\/p>\n\n\n\n<p>\u2013 Endere\u00e7o de Correio Eletr\u00f3nico:&nbsp;<a href=\"mailto:info@clinicadase.pt\">info@clinicadase.pt<\/a>;<\/p>\n\n\n\n<p>\u2013 Endere\u00e7o Postal: Rua das Mur\u00e7as N\u00ba 42, 9000-058 Funchal;<\/p>\n\n\n\n<p>\u2013 Contacto Telef\u00f3nico: (+351) 291 207 676.<\/p>\n\n\n\n<p><strong>4.No\u00e7\u00e3o de Cookies<\/strong><\/p>\n\n\n\n<p>Os Cookies, designados em portugu\u00eas por \u00abTestemunhos de Conex\u00e3o\u00bb, s\u00e3o pequenos ficheiros de informa\u00e7\u00e3o colocados pelos s\u00edtios eletr\u00f3nicos que o Utilizador visita e que s\u00e3o armazenados no sistema de navega\u00e7\u00e3o (\u00abbrowser\u00bb) do dispositivo utilizado para aceder \u00e0 internet (por exemplo, o computador ou telem\u00f3vel). Estes ficheiros ajudam os s\u00edtios eletr\u00f3nicos a memorizar informa\u00e7\u00f5es sobre a visita e a facilitar a pr\u00f3xima visita, mantendo as a\u00e7\u00f5es e prefer\u00eancias dos Utilizadores durante um certo per\u00edodo de tempo, mantendo ou reconhecendo o nome de Utilizador, a l\u00edngua em que pretende navegar nos s\u00edtios ou outras defini\u00e7\u00f5es, bem como personalizando a experi\u00eancia do Utilizador atrav\u00e9s de conte\u00fados espec\u00edficos ou, ainda, permitindo a recolha de informa\u00e7\u00e3o sobre a utiliza\u00e7\u00e3o dos s\u00edtios eletr\u00f3nicos.<\/p>\n\n\n\n<p><strong>5.Categoriza\u00e7\u00f5es de Cookies<\/strong><\/p>\n\n\n\n<p>Os Cookies podem ser classificados tendo em conta tr\u00eas grandes categoriza\u00e7\u00f5es, consoante:<\/p>\n\n\n\n<p>\u2013 a sua finalidade;<\/p>\n\n\n\n<p>\u2013 a entidade colocadora e<\/p>\n\n\n\n<p>\u2013 o per\u00edodo de vida ou de conserva\u00e7\u00e3o.<\/p>\n\n\n\n<p><strong>6.Categoriza\u00e7\u00e3o dos Cookies quanto \u00e0 Finalidade<\/strong><\/p>\n\n\n\n<p>Considerando as suas finalidades, os Cookies s\u00e3o classificados da seguinte forma:<\/p>\n\n\n\n<p>(a)&nbsp;<strong>Cookies necess\u00e1rios<\/strong>&nbsp;\u2013 t\u00eam um car\u00e1ter funcional e s\u00e3o necess\u00e1rios para assegurar o funcionamento do s\u00edtio e\/ou para assegurar a disponibiliza\u00e7\u00e3o de funcionalidades que sejam solicitadas pelo Utilizador. bem como ainda para guardar as suas prefer\u00eancias relativamente \u00e0 navega\u00e7\u00e3o no mesmo, sempre que utilizar o mesmo dispositivo e assim o solicite.<\/p>\n\n\n\n<p>(b)&nbsp;<strong>Cookies anal\u00edticos<\/strong>&nbsp;\u2013 t\u00eam car\u00e1cter acess\u00f3rio e recolhem informa\u00e7\u00e3o estat\u00edstica para efeitos de an\u00e1lise da sua utiliza\u00e7\u00e3o dos mesmos e gest\u00e3o do relacionamento com os visitantes, medindo as intera\u00e7\u00f5es com os an\u00fancios apresentados.<\/p>\n\n\n\n<p>(c)&nbsp;<strong>Cookies de personaliza\u00e7\u00e3o<\/strong>&nbsp;\u2013 t\u00eam car\u00e1cter acess\u00f3rio, n\u00e3o sendo necess\u00e1rios para o funcionamento do website e melhorando o seu desempenho, permitem uma personaliza\u00e7\u00e3o da experi\u00eancia da navega\u00e7\u00e3o do utilizador.<\/p>\n\n\n\n<p>(d)&nbsp;<strong>Cookies de publicidade&nbsp;<\/strong>\u2013 t\u00eam car\u00e1cter acess\u00f3rio, procurando tornar a publicidade mais atrativa para utilizadores e anunciantes, atrav\u00e9s da sele\u00e7\u00e3o de publicidade com base nas escolhas do Utilizador, de forma a melhorar os relat\u00f3rios sobre o desempenho de campanhas e potenciar a apresenta\u00e7\u00e3o de an\u00fancios que o Utilizador j\u00e1 tenha visto ou assinalado como relevantes.<\/p>\n\n\n\n<p><strong>7.Categoriza\u00e7\u00e3o dos Cookies quanto \u00e0 Entidade Colocadora<\/strong><\/p>\n\n\n\n<p>Considerando a entidade que \u00e9 respons\u00e1vel pela coloca\u00e7\u00e3o os Cookies, estes s\u00e3o classificados da seguinte forma:<\/p>\n\n\n\n<p>(a)&nbsp;<strong>Cookies pr\u00f3prios<\/strong>&nbsp;\u2013 Cookies que s\u00e3o enviados para o dispositivo do Utilizador atrav\u00e9s de equipamentos ou dom\u00ednios geridos pela Cl\u00ednica da S\u00e9 e a partir do qual se presta o servi\u00e7o solicitado pelo Utilizador.<\/p>\n\n\n\n<p>(b)&nbsp;<strong>Cookies de terceiros<\/strong>&nbsp;\u2013 s\u00e3o enviados para o dispositivo do Utilizador a partir de um equipamento ou dom\u00ednio gerido por uma entidade terceira sob a qual a Cl\u00ednica da S\u00e9 n\u00e3o tem controlo, situa\u00e7\u00e3o em que a entidade terceira pode eventualmente tratar os dados recolhidos sem que que a Cl\u00ednica da S\u00e9 tenha capacidade de configurar o seu funcionamento.<\/p>\n\n\n\n<p><strong>8.Categoriza\u00e7\u00e3o dos Cookies quanto ao Per\u00edodo de Vida \u00datil<\/strong><\/p>\n\n\n\n<p>Considerando o per\u00edodo de vida \u00fatil dos Cookies, estes s\u00e3o classificados da seguinte forma:<\/p>\n\n\n\n<p>(a)&nbsp;<strong>Cookies de \u2018sess\u00e3o\u2019<\/strong>&nbsp;\u2013 Cookies tempor\u00e1rios que s\u00e3o normalmente apagados quando o Utilizador abandona a p\u00e1gina eletr\u00f3nica que as gerou.<\/p>\n\n\n\n<p>(b)&nbsp;<strong>Cookies \u2018resistentes\u2019<\/strong>&nbsp;\u2013 s\u00e3o Cookies que permanecem no dispositivo do Utilizador at\u00e9 uma determinada data, ao n\u00edvel dos browsers, sendo utilizados sempre que faz uma nova visita ao s\u00edtio.<\/p>\n\n\n\n<p><strong>9.Lista de Cookies \u2013 Apresenta\u00e7\u00e3o<\/strong><\/p>\n\n\n\n<p>Neste s\u00edtio eletr\u00f3nico poder\u00e3o ser utilizados os seguintes tipos de Cookies:<\/p>\n\n\n\n<p>a) Cookies anal\u00edticos;<\/p>\n\n\n\n<p>b) Outros.<\/p>\n\n\n\n<p><strong>10.Lista de Cookies \u2013 Descritivo<\/strong><\/p>\n\n\n\n<p>\u00c0 data atual, a informa\u00e7\u00e3o pormenorizada relativamente \u00e0s funcionalidades e utiliza\u00e7\u00e3o destes Cookies \u00e9 a seguinte:<\/p>\n\n\n\n<figure class=\"wp-block-table\"><table><tbody><tr><td>Cookie&nbsp;<\/td><td>Dom\u00ednio&nbsp;<\/td><td>Descri\u00e7\u00e3o&nbsp;<\/td><td>Dura\u00e7\u00e3o&nbsp;<\/td><td>Tipo&nbsp;<\/td><\/tr><tr><td>47f9af6191643448cd7fcfb9387f101&nbsp;<\/td><td>cclinicadase.pt&nbsp;<\/td><td>Sem descri\u00e7\u00e3o&nbsp;<\/td><td>sess\u00e3o&nbsp;<\/td><td>Outro&nbsp;<\/td><\/tr><tr><td>_ga_*&nbsp;<\/td><td>.clinicadase.pt&nbsp;<\/td><td>O Google Analytics define este cookie para armazenar e contar visualiza\u00e7\u00f5es de p\u00e1ginas.&nbsp;<\/td><td>1 ano 1 m\u00eas 4 dias&nbsp;<\/td><td>Anal\u00edticos&nbsp;<\/td><\/tr><tr><td>_ga&nbsp;<\/td><td>.clinicadase.pt&nbsp;<\/td><td>O Google Analytics define este cookie para calcular os dados do visitante, da sess\u00e3o e da campanha e acompanhar a utiliza\u00e7\u00e3o do site para o relat\u00f3rio anal\u00edtico do site. O cookie armazena informa\u00e7\u00e3o anonimamente e atribui um n\u00famero gerado aleatoriamente para reconhecer visitantes \u00fanicos.&nbsp;<\/td><td>1 ano 1 m\u00eas 4 dias&nbsp;<\/td><td>Anal\u00edticos&nbsp;<\/td><\/tr><tr><td>_gid&nbsp;<\/td><td>.clinicadase.pt&nbsp;<\/td><td>O Google Analytics define este cookie para armazenar informa\u00e7\u00f5es sobre a forma como os visitantes utilizam um s\u00edtio web, ao mesmo tempo que cria um relat\u00f3rio anal\u00edtico do desempenho do s\u00edtio web. Alguns dos dados recolhidos incluem o n\u00famero de visitantes, a sua fonte, e as p\u00e1ginas que visitam anonimamente.&nbsp;<\/td><td>1 dia&nbsp;<\/td><td>Anal\u00edticos&nbsp;<\/td><\/tr><tr><td>_gat_gtag_UA_*&nbsp;<\/td><td>.clinicadase.pt&nbsp;<\/td><td>O Google Analytics define este cookie para armazenar um ID de utilizador \u00fanico.&nbsp;<\/td><td>1 minuto&nbsp;<\/td><td>Anal\u00edticos&nbsp;<\/td><\/tr><\/tbody><\/table><\/figure>\n\n\n\n<p><strong>11.Aceita\u00e7\u00e3o da Utiliza\u00e7\u00e3o de Cookies<\/strong><\/p>\n\n\n\n<p>N\u00e3o \u00e9 poss\u00edvel aos s\u00edtios eletr\u00f3nicos funcionar sem os Cookies funcionais estritamente necess\u00e1rios, pelo que o Utilizar est\u00e1 obrigado a aceitar a respetiva utiliza\u00e7\u00e3o. Quanto aos outros tipos de Cookies, o Utilizador \u00e9 livre para consentir na sua utiliza\u00e7\u00e3o.<\/p>\n\n\n\n<p>Solicitamos sempre o consentimento pr\u00e9vio e expresso do Utilizador, exceto se a coloca\u00e7\u00e3o de determinados Cookies for estritamente necess\u00e1ria para prestar o servi\u00e7o que tenha expressamente solicitado ou para disponibilizar o acesso a uma determinada funcionalidade desse servi\u00e7o, tais como o acesso a \u00e1reas reservadas, o acesso a funcionalidades ou p\u00e1ginas espec\u00edficas, etc.<\/p>\n\n\n\n<p><strong>12.Configura\u00e7\u00e3o dos Browsers<\/strong><\/p>\n\n\n\n<p>Os browsers permitem um controlo individualizado dos Cookies armazenados no seu dispositivo, bem como a sua elimina\u00e7\u00e3o imediata, caso o utilizador pretenda deixar de permitir o armazenamento local de Cookies.<\/p>\n\n\n\n<p>Qualquer Utilizador pode alterar as configura\u00e7\u00f5es do seu browser para bloquear a instala\u00e7\u00e3o de Cookies ou para o notificar cada vez que um Cookie \u00e9 definido.<\/p>\n\n\n\n<p>Para mais informa\u00e7\u00f5es sobre como realizar uma \u201cNavega\u00e7\u00e3o Privada ou Sem Registo de Dados\u201d e proceder a uma gest\u00e3o eficiente dos Cookies consulte, por favor:<\/p>\n\n\n\n<p>\u2013&nbsp;<strong>Firefox<\/strong>, clique aqui;<\/p>\n\n\n\n<figure class=\"wp-block-embed\"><div class=\"wp-block-embed__wrapper\">\nhttps:\/\/support.mozilla.org\/en-US\/kb\/enhanced-tracking-protection-firefox-desktop?redirectslug=enable-and-disable-cookies-website-preferences&#038;redirectlocale=en-US\n<\/div><\/figure>\n\n\n\n<p>\u2013&nbsp;<strong>Chrome<\/strong>, clique aqui;<\/p>\n\n\n\n<figure class=\"wp-block-embed\"><div class=\"wp-block-embed__wrapper\">\nhttps:\/\/support.google.com\/chrome\/answer\/95647?hl=en?hl=en\n<\/div><\/figure>\n\n\n\n<p>\u2013&nbsp;<strong>Internet Explorer<\/strong>, clique aqui;<\/p>\n\n\n\n<figure class=\"wp-block-embed\"><div class=\"wp-block-embed__wrapper\">\nhttps:\/\/support.microsoft.com\/pt-pt\/windows\/eliminar-e-gerir-cookies-168dab11-0753-043d-7c16-ede5947fc64d\n<\/div><\/figure>\n\n\n\n<p>\u2013&nbsp;<strong>Microsoft Edge<\/strong>, clique aqui;<\/p>\n\n\n\n<figure class=\"wp-block-embed\"><div class=\"wp-block-embed__wrapper\">\nhttps:\/\/support.microsoft.com\/pt-pt\/windows\/eliminar-e-gerir-cookies-168dab11-0753-043d-7c16-ede5947fc64d\n<\/div><\/figure>\n\n\n\n<p>\u2013&nbsp;<strong>Safari<\/strong>, clique aqui;<\/p>\n\n\n\n<figure class=\"wp-block-embed\"><div class=\"wp-block-embed__wrapper\">\nhttps:\/\/support.apple.com\/en-us\/HT201265\n<\/div><\/figure>\n\n\n\n<p>\u2013&nbsp;<strong>Opera<\/strong>, clique aqui.<\/p>\n\n\n\n<figure class=\"wp-block-embed\"><div class=\"wp-block-embed__wrapper\">\nhttps:\/\/help.opera.com\/en\/latest\/security-and-privacy\/#privateWindow\n<\/div><\/figure>\n\n\n\n<p>Deve estar consciente das consequ\u00eancias da desativa\u00e7\u00e3o dos Cookies, uma vez que tal opera\u00e7\u00e3o pode ter um impacto no funcionamento dos s\u00edtios eletr\u00f3nicos respetivos, pois o painel de configura\u00e7\u00f5es da generalidade dos browsers modernos n\u00e3o oferece um n\u00edvel de detalhe que permita aos Utilizadores afastar apenas todos os Cookies que n\u00e3o sejam estritamente necess\u00e1rios para permitir a utiliza\u00e7\u00e3o dos s\u00edtios eletr\u00f3nicos visitados.<\/p>\n\n\n\n<p><strong>13.Aplica\u00e7\u00f5es de Privacidade<\/strong><\/p>\n\n\n\n<p>Nos s\u00edtios, dispositivos ou equipamentos que ofere\u00e7am este tipo de funcionalidades, o Utilizador poder\u00e1 ter maior controlo sobre os seus Cookies com recurso a aplica\u00e7\u00f5es gratuitas de prote\u00e7\u00e3o da privacidade que se encontram dispon\u00edveis em v\u00e1rias plataformas em linha \u2013 alguns exemplos de aplica\u00e7\u00f5es deste g\u00e9nero, s\u00e3o, entre outras, as seguintes:<\/p>\n\n\n\n<ul class=\"wp-block-list\">\n<li>Ghostery;<\/li>\n\n\n\n<li>Privacy Possum;<\/li>\n\n\n\n<li>Cookie AutoDelete;<\/li>\n\n\n\n<li>etc.<\/li>\n<\/ul>\n\n\n\n<p><strong>14.Altera\u00e7\u00f5es \u00e0 Pol\u00edtica de Cookies<\/strong><\/p>\n\n\n\n<p>A Cl\u00ednica da S\u00e9 reserva o direito de, livremente e em qualquer momento, sem aviso pr\u00e9vio e com efeitos imediatos, alterar, acrescentar ou revogar, parcial ou totalmente, esta Pol\u00edtica de Cookies.<\/p>\n\n\n\n<p>Todas as altera\u00e7\u00f5es ser\u00e3o imediatamente divulgadas nos Canais de Comunica\u00e7\u00e3o da organiza\u00e7\u00e3o, podendo os Utilizadores aceder \u00e0 informa\u00e7\u00e3o e, consoante o concreto tipo de cookie em causa, consentir, de uma forma informada, na sua utiliza\u00e7\u00e3o, ou, se for o caso, procedendo \u00e0 retirada de consentimento previamente concedido, atrav\u00e9s da configura\u00e7\u00e3o dos \u00abbrowsers\u00bb.<\/p>\n\n\n\n<p><strong>15.Exerc\u00edcio de Direitos<\/strong><\/p>\n\n\n\n<p>Os Utilizadores podem, enquanto titulares de dados pessoais, em qualquer momento, proceder ao exerc\u00edcio dos seus direitos de prote\u00e7\u00e3o de dados e de privacidade, designadamente dos direitos de retirada do consentimento, acesso, retifica\u00e7\u00e3o, apagamento, portabilidade, limita\u00e7\u00e3o ou oposi\u00e7\u00e3o ao tratamento, nos termos e com as limita\u00e7\u00f5es previstas nas normas aplic\u00e1veis.<\/p>\n\n\n\n<p>Qualquer pedido de exerc\u00edcio de direitos de prote\u00e7\u00e3o de dados e de privacidade deve ser dirigido, por escrito, pelo respetivo titular, para o endere\u00e7o de correio eletr\u00f3nico do Encarregado da Prote\u00e7\u00e3o de Dados da Cl\u00ednica da S\u00e9&nbsp;<a href=\"mailto:protecaodedados@clinicadase.pt\">protecaodedados@clinicadase.pt<\/a>, ser apresentado atrav\u00e9s do Formul\u00e1rio para Exerc\u00edcio de Direitos acess\u00edvel em qualquer ponto de atendimento ou em&nbsp;<a href=\"https:\/\/clinicadase.protecaodedados.com\/clinicadase\/formularios\/\">https:\/\/clinicadase.protecaodedados.com\/clinicadase\/formularios\/<\/a>.<\/p>\n\n\n\n<p><strong>16.Comunica\u00e7\u00e3o de Incidentes<\/strong><\/p>\n\n\n\n<p>A Cl\u00ednica da S\u00e9 tem implementado um sistema de gest\u00e3o de incidentes no \u00e2mbito da prote\u00e7\u00e3o de dados e seguran\u00e7a da informa\u00e7\u00e3o.<\/p>\n\n\n\n<p>Caso algum Utilizador pretenda comunicar a ocorr\u00eancia de uma qualquer situa\u00e7\u00e3o de viola\u00e7\u00e3o de dados pessoais, que provoque, de modo acidental ou il\u00edcito, a destrui\u00e7\u00e3o, a perda, a altera\u00e7\u00e3o, a divulga\u00e7\u00e3o ou o acesso, n\u00e3o autorizados, a dados pessoais transmitidos, conservados ou sujeitos a qualquer outro tipo de tratamento, pode entrar em contacto com o Encarregado da Prote\u00e7\u00e3o de Dados, atrav\u00e9s do correio eletr\u00f3nico&nbsp;<a href=\"mailto:protecaodedados@clinicadase.pt\">protecaodedados@clinicadase.pt<\/a>&nbsp;ou utilizar os contactos gerais da Cl\u00ednica da S\u00e9.<\/p>\n\n\n\n<p>O Formul\u00e1rio para Comunica\u00e7\u00e3o de Incidentes de Viola\u00e7\u00e3o de Dados da Cl\u00ednica da S\u00e9 est\u00e1 acess\u00edvel em qualquer ponto de atendimento ou em&nbsp;<a href=\"https:\/\/clinicadase.protecaodedados.com\/clinicadase\/formularios\/\">https:\/\/clinicadase.protecaodedados.com\/clinicadase\/formularios\/<\/a>.<\/p>\n\n\n\n<p><strong>17.Sugest\u00f5es, Reclama\u00e7\u00f5es ou Queixas<\/strong><\/p>\n\n\n\n<p>Os Utilizadores podem apresentar sugest\u00f5es sobre medidas t\u00e9cnicas ou organizativas que considerem mais adequadas para melhoria das condi\u00e7\u00f5es de prote\u00e7\u00e3o de dados e privacidade, atrav\u00e9s de correio eletr\u00f3nico enviado para o Encarregado da Prote\u00e7\u00e3o de Dados da Cl\u00ednica da S\u00e9 ou atrav\u00e9s do Formul\u00e1rio para Sugest\u00f5es de Prote\u00e7\u00e3o de Dados e Privacidade acess\u00edvel em qualquer ponto de atendimento ou em&nbsp;<a href=\"https:\/\/clinicadase.protecaodedados.com\/clinicadase\/formularios\/\">https:\/\/clinicadase.protecaodedados.com\/clinicadase\/formularios\/<\/a>.<\/p>\n\n\n\n<p>Os Utilizadores t\u00eam ainda o direito de apresentar reclama\u00e7\u00e3o, quer atrav\u00e9s do registo da reclama\u00e7\u00e3o no Livro de Reclama\u00e7\u00f5es, quer atrav\u00e9s da apresenta\u00e7\u00e3o de reclama\u00e7\u00e3o \u00e0s autoridades de controlo \u2013 podendo, neste \u00faltimo caso, apresentar peti\u00e7\u00e3o ou queixa diretamente \u00e0 Autoridade de Controlo nacional atrav\u00e9s dos contatos dispon\u00edveis em&nbsp;<a href=\"http:\/\/www.cnpd.pt\/\">www.cnpd.pt<\/a>.<\/p>\n\n\n\n<p><strong>18.Encarregado da Prote\u00e7\u00e3o de Dados<\/strong><\/p>\n\n\n\n<p>A Cl\u00ednica da S\u00e9 designou um Encarregado da Prote\u00e7\u00e3o de Dados, cujos pontos de contacto s\u00e3o os seguintes:<\/p>\n\n\n\n<p>\u2013 Endere\u00e7o de correio eletr\u00f3nico:&nbsp;<a href=\"mailto:protecaodedados@clinicadase.pt\">protecaodedados@clinicadase.pt<\/a>;<\/p>\n\n\n\n<p>\u2013 Endere\u00e7o postal: Rua das Mur\u00e7as N\u00ba 42, 9000-058 Funchal.<\/p>\n\n\n\n<p><strong>19.Ponto de Contacto Permanente de Seguran\u00e7a<\/strong><\/p>\n\n\n\n<p>A Cl\u00ednica da S\u00e9 tem implementado um Ponto de Contacto Permanente para efeitos de gest\u00e3o de incidentes de seguran\u00e7a da informa\u00e7\u00e3o e de seguran\u00e7a do ciberespa\u00e7o.<\/p>\n\n\n\n<p>Caso algum Utilizador, Destinat\u00e1rio do Servi\u00e7o ou Utente pretenda comunicar a ocorr\u00eancia de um incidente de seguran\u00e7a da informa\u00e7\u00e3o ou de um incidente de seguran\u00e7a do ciberespa\u00e7o, pode entrar em contacto com o Ponto de Contacto Permanente da Cl\u00ednica da S\u00e9 atrav\u00e9s dos seguintes canais de comunica\u00e7\u00e3o:<\/p>\n\n\n\n<p>\u2013 telefone: ;<\/p>\n\n\n\n<p>\u2013 correio eletr\u00f3nico: .<\/p>\n\n\n\n<p>Um Formul\u00e1rio de Comunica\u00e7\u00e3o de Incidentes de Seguran\u00e7a da Informa\u00e7\u00e3o ou de Seguran\u00e7a do Ciberespa\u00e7o est\u00e1 dispon\u00edvel em qualquer ponto de atendimento da Cl\u00ednica da S\u00e9, podendo ser tamb\u00e9m solicitado o seu envio por correio eletr\u00f3nico, atrav\u00e9s do pedido ao Ponto de Contacto Permanente.<\/p>\n\n\n\n<p><strong>20.Ficha de Informa\u00e7\u00e3o sobre Tratamento de Dados<\/strong><\/p>\n\n\n\n<p>Para consultar informa\u00e7\u00e3o ainda mais detalhada sobre Tratamento de Dados de Utilizadores pelos Cookies \u00e9 favor contactar o Encarregado da Prote\u00e7\u00e3o de Dados atrav\u00e9s do correio eletr\u00f3nico&nbsp;<a href=\"mailto:protecaodedados@clinicadase.pt\">protecaodedados@clinicadase.pt<\/a>.<\/p>\n\n\n\n<p><strong>21.Liga\u00e7\u00f5es \u00dateis<\/strong><\/p>\n\n\n\n<p>Para mais informa\u00e7\u00f5es sobre Cookies, designadamente sobre normas aplic\u00e1veis, configura\u00e7\u00e3o dos sistemas de navega\u00e7\u00e3o, direitos dos utilizadores, etc, \u00e9 favor consultar&nbsp;<a href=\"http:\/\/www.politicasdecookies.com\/\">www.politicasdecookies.com<\/a>.<\/p>\n\n\n\n<p><strong>22.Vers\u00e3o e Data da Pol\u00edtica de Cookies<\/strong><\/p>\n\n\n\n<p>Data: 18 de abril de 2023;<\/p>\n\n\n\n<p>Vers\u00e3o: 2023.04;<\/p>\n\n\n\n<p>Para consultar Vers\u00f5es anteriores da Pol\u00edtica de Cookies, \u00e9 favor contactar o Encarregado da Prote\u00e7\u00e3o de Dados atrav\u00e9s do correio eletr\u00f3nico&nbsp;<a href=\"mailto:protecaodedados@clinicadase.pt\">protecaodedados@clinicadase.pt<\/a>.<\/p>\n","protected":false},"excerpt":{"rendered":"<p>Pol\u00edtica de Cookies 1.Compromisso de Prote\u00e7\u00e3o de Dados e de Privacidade A Pol\u00edtica de Cookies ou de Testemunhos de Conex\u00e3o regula o tratamento de dados, incluindo dados pessoais, dos utilizadores (\u201cUtilizador\u201d ou \u201cUtilizadores\u201d), recolhidos no \u00e2mbito da utiliza\u00e7\u00e3o dos s\u00edtios eletr\u00f3nicos ou aplica\u00e7\u00f5es atrav\u00e9s de Cookies, pela Cl\u00ednica da S\u00e9, Lda., NIPC 511024215, enquanto entidade [&hellip;]<\/p>\n","protected":false},"author":1,"featured_media":0,"parent":23787,"menu_order":2,"comment_status":"closed","ping_status":"closed","template":"","meta":{"_et_pb_use_builder":"off","_et_pb_old_content":"","_et_gb_content_width":"","inline_featured_image":false,"footnotes":""},"categories":[5,4],"tags":[],"class_list":["post-24506","page","type-page","status-publish","hentry","category-general_page","category-whistleblowing-channel"],"_links":{"self":[{"href":"https:\/\/denuncias.pt\/clinicadase\/wp-json\/wp\/v2\/pages\/24506","targetHints":{"allow":["GET"]}}],"collection":[{"href":"https:\/\/denuncias.pt\/clinicadase\/wp-json\/wp\/v2\/pages"}],"about":[{"href":"https:\/\/denuncias.pt\/clinicadase\/wp-json\/wp\/v2\/types\/page"}],"author":[{"embeddable":true,"href":"https:\/\/denuncias.pt\/clinicadase\/wp-json\/wp\/v2\/users\/1"}],"replies":[{"embeddable":true,"href":"https:\/\/denuncias.pt\/clinicadase\/wp-json\/wp\/v2\/comments?post=24506"}],"version-history":[{"count":3,"href":"https:\/\/denuncias.pt\/clinicadase\/wp-json\/wp\/v2\/pages\/24506\/revisions"}],"predecessor-version":[{"id":24558,"href":"https:\/\/denuncias.pt\/clinicadase\/wp-json\/wp\/v2\/pages\/24506\/revisions\/24558"}],"up":[{"embeddable":true,"href":"https:\/\/denuncias.pt\/clinicadase\/wp-json\/wp\/v2\/pages\/23787"}],"wp:attachment":[{"href":"https:\/\/denuncias.pt\/clinicadase\/wp-json\/wp\/v2\/media?parent=24506"}],"wp:term":[{"taxonomy":"category","embeddable":true,"href":"https:\/\/denuncias.pt\/clinicadase\/wp-json\/wp\/v2\/categories?post=24506"},{"taxonomy":"post_tag","embeddable":true,"href":"https:\/\/denuncias.pt\/clinicadase\/wp-json\/wp\/v2\/tags?post=24506"}],"curies":[{"name":"wp","href":"https:\/\/api.w.org\/{rel}","templated":true}]}}