{"id":24471,"date":"2023-10-09T15:25:06","date_gmt":"2023-10-09T15:25:06","guid":{"rendered":"https:\/\/denuncias.pt\/audiqcer\/?page_id=24471"},"modified":"2024-10-14T16:56:02","modified_gmt":"2024-10-14T16:56:02","slug":"ficha-tecnica","status":"publish","type":"page","link":"https:\/\/denuncias.pt\/caixacreditoleiria\/ficha-tecnica\/","title":{"rendered":"Ficha T\u00e9cnica"},"content":{"rendered":"","protected":false},"excerpt":{"rendered":"","protected":false},"author":1,"featured_media":0,"parent":0,"menu_order":0,"comment_status":"closed","ping_status":"closed","template":"","meta":{"_et_pb_use_builder":"off","_et_pb_old_content":"<!-- wp:paragraph -->\n<p>Ficha de informa\u00e7\u00e3o sobre os elementos de identifica\u00e7\u00e3o institucional do s\u00edtio eletr\u00f3nico\u00a0https:\/\/denuncias.pt\/audiqcer\/, das suas carater\u00edsticas gerais e as formas ou condi\u00e7\u00f5es de utiliza\u00e7\u00e3o.<\/p>\n<!-- \/wp:paragraph -->\n\n<!-- wp:paragraph -->\n<p>Data de Ativa\u00e7\u00e3o<\/p>\n<!-- \/wp:paragraph -->\n\n<!-- wp:paragraph -->\n<p>O s\u00edtio eletr\u00f3nico\u00a0https:\/\/denuncias.pt\/audiqcer\/ foi ativado em 9 de julho de 2023.<\/p>\n<!-- \/wp:paragraph -->\n\n<!-- wp:paragraph -->\n<p>Propriedade do S\u00edtio<\/p>\n<!-- \/wp:paragraph -->\n\n<!-- wp:paragraph -->\n<p>O s\u00edtio eletr\u00f3nico\u00a0https:\/\/denuncias.pt\/audiqcer\/\u00a0\u00e9 propriedade da pessoa coletiva Audiqcer, Lda, com o n\u00famero de identifica\u00e7\u00e3o de pessoa coletiva 515234583.<\/p>\n<!-- \/wp:paragraph -->\n\n<!-- wp:paragraph -->\n<p>Identifica\u00e7\u00e3o Institucional<\/p>\n<!-- \/wp:paragraph -->\n\n<!-- wp:paragraph -->\n<p>A pessoa coletiva Audiqcer \u2013 Auditing, Quality &amp; Certification Services, Lda, \u00e9 uma sociedade por quotas constitu\u00edda em Portugal, com sede em Entre as \u00c1guas, Estrada Nacional 255, S\/N, 7860-360 Moura, Portugal, cujo n\u00famero de identifica\u00e7\u00e3o fiscal \u00e9 PT515234583.<\/p>\n<!-- \/wp:paragraph -->\n\n<!-- wp:paragraph -->\n<p>Contactos Institucionais<\/p>\n<!-- \/wp:paragraph -->\n\n<!-- wp:paragraph -->\n<p>A Audiqcer, Lda, pode ser contactada atrav\u00e9s dos seguintes canais de comunica\u00e7\u00e3o:<\/p>\n<!-- \/wp:paragraph -->\n\n<!-- wp:paragraph -->\n<p>\u2013 Telefone geral: (+351) 213243750;<\/p>\n<!-- \/wp:paragraph -->\n\n<!-- wp:paragraph -->\n<p>\u2013 Telefax geral: (+351) 213243759;<\/p>\n<!-- \/wp:paragraph -->\n\n<!-- wp:paragraph -->\n<p>\u2013 Correio eletr\u00f3nico geral:&nbsp;info@audiqcer.com&nbsp;.<\/p>\n<!-- \/wp:paragraph -->\n\n<!-- wp:paragraph -->\n<p>Contacto do Encarregado da Prote\u00e7\u00e3o de Dados<\/p>\n<!-- \/wp:paragraph -->\n\n<!-- wp:paragraph -->\n<p>O Encarregado da Prote\u00e7\u00e3o de Dados da propriet\u00e1ria do s\u00edtio eletr\u00f3nico pode ser contactado atrav\u00e9s do endere\u00e7o de correio eletr\u00f3nico&nbsp;dataprotection@audiqcer.com&nbsp;.<\/p>\n<!-- \/wp:paragraph -->\n\n<!-- wp:paragraph -->\n<p>Contacto do Respons\u00e1vel pela Seguran\u00e7a<\/p>\n<!-- \/wp:paragraph -->\n\n<!-- wp:paragraph -->\n<p>O Respons\u00e1vel pela Seguran\u00e7a da propriet\u00e1ria do s\u00edtio eletr\u00f3nico pode ser contactado atrav\u00e9s do endere\u00e7o de correio eletr\u00f3nico&nbsp;security@audiqcer.com&nbsp;.<\/p>\n<!-- \/wp:paragraph -->\n\n<!-- wp:paragraph -->\n<p>Contacto do Administrador de Sistemas<\/p>\n<!-- \/wp:paragraph -->\n\n<!-- wp:paragraph -->\n<p>O Administrador de Sistemas da propriet\u00e1ria do s\u00edtio eletr\u00f3nico pode ser contactado atrav\u00e9s do endere\u00e7o de correio eletr\u00f3nico&nbsp;admin@audiqcer.com&nbsp;.<\/p>\n<!-- \/wp:paragraph -->\n\n<!-- wp:paragraph -->\n<p>Pol\u00edtica de Prote\u00e7\u00e3o de Dados<\/p>\n<!-- \/wp:paragraph -->\n\n<!-- wp:paragraph -->\n<p>A Pol\u00edtica de Prote\u00e7\u00e3o de Dados est\u00e1 acess\u00edvel em https:\/\/www.audiqcer.com\/politica-de-protecao-de-dados\/ .<\/p>\n<!-- \/wp:paragraph -->\n\n<!-- wp:paragraph -->\n<p>Direitos de Autor<\/p>\n<!-- \/wp:paragraph -->\n\n<!-- wp:paragraph -->\n<p>O conte\u00fado publicado no s\u00edtio eletr\u00f3nico que n\u00e3o seja proveniente de fontes p\u00fablicas, designadamente os textos, as imagens, os desenhos, as fotografias, as plantas, e todos os demais conte\u00fados, bem como as marcas, os log\u00f3tipos, nomes e denomina\u00e7\u00f5es, est\u00e3o protegidos por direitos de autor e por direitos de propriedade industrial, de que \u00e9 titular a entidade propriet\u00e1ria, o respons\u00e1vel editorial ou outras institui\u00e7\u00f5es expressamente identificadas como tal.<\/p>\n<!-- \/wp:paragraph -->\n\n<!-- wp:paragraph -->\n<p>Os conte\u00fados do s\u00edtio eletr\u00f3nico, no seu todo ou em parte, n\u00e3o podem ser editados, publicados, divulgados ou, reproduzidos por quaisquer meios t\u00e9cnicos, bem como n\u00e3o podem ser descarregados ou copiados sem que tenha sido concedida, para o efeito, autoriza\u00e7\u00e3o pr\u00e9via, expressa e escrita por parte da entidade propriet\u00e1ria ou dos outros titulares dos direitos de propriedade intelectual identificados no s\u00edtio.<\/p>\n<!-- \/wp:paragraph -->\n\n<!-- wp:paragraph -->\n<p>Igual autoriza\u00e7\u00e3o pr\u00e9via, expressa e escrita, seja por parte da entidade propriet\u00e1ria ou por parte dos outros titulares dos direitos de propriedade intelectual identificados no s\u00edtio, \u00e9 necess\u00e1ria para que os conte\u00fados deste , no seu todo ou em parte, sejam transformados, ou modificados, ou adaptados ou extra\u00eddos para outras utiliza\u00e7\u00f5es, excecionando-se os casos considerados como de utiliza\u00e7\u00e3o livre, previstos na legisla\u00e7\u00e3o portuguesa e em especial no C\u00f3digo dos Direitos de Autor e dos Direitos Conexos.<\/p>\n<!-- \/wp:paragraph -->\n\n<!-- wp:paragraph -->\n<p>A utiliza\u00e7\u00e3o n\u00e3o autorizada, qualquer que seja a forma pela qual ela se concretize, ser\u00e1 considerada il\u00edcita perseguida criminal e civilmente, bem como disciplinarmente se for caso disso, junto dos Tribunais Portugueses, nos termos da Lei da Criminalidade Inform\u00e1tica, do C\u00f3digo dos Direitos de Autor e dos Direitos Conexos, do C\u00f3digo da Propriedade Industrial e demais legisla\u00e7\u00e3o aplic\u00e1vel.<\/p>\n<!-- \/wp:paragraph -->\n\n<!-- wp:paragraph -->\n<p>Suporte T\u00e9cnico<\/p>\n<!-- \/wp:paragraph -->\n\n<!-- wp:paragraph -->\n<p>Para qualquer tipo de ajuda ou suporte t\u00e9cnico, \u00e9 favor contactar com o Centro de Help-Desk, atrav\u00e9s da liga\u00e7\u00e3o HELP-DESK ou atrav\u00e9s do Telefone (+351) 213 243 750, dispon\u00edvel todos os dias \u00fateis, entre as 9.00 e as 18.00 horas.<\/p>\n<!-- \/wp:paragraph -->\n\n<!-- wp:paragraph -->\n<p>Vers\u00e3o da Ficha T\u00e9cnica<\/p>\n<!-- \/wp:paragraph -->\n\n<!-- wp:paragraph -->\n<p>A Ficha T\u00e9cnica foi publicada em 9 de outubro de 2023, com a Ref\u00aa: Vers\u00e3o FT\/02.\u00a0\u00a0<\/p>\n<!-- \/wp:paragraph -->","_et_gb_content_width":"","inline_featured_image":false,"footnotes":""},"categories":[],"tags":[],"class_list":["post-24471","page","type-page","status-publish","hentry"],"_links":{"self":[{"href":"https:\/\/denuncias.pt\/caixacreditoleiria\/wp-json\/wp\/v2\/pages\/24471","targetHints":{"allow":["GET"]}}],"collection":[{"href":"https:\/\/denuncias.pt\/caixacreditoleiria\/wp-json\/wp\/v2\/pages"}],"about":[{"href":"https:\/\/denuncias.pt\/caixacreditoleiria\/wp-json\/wp\/v2\/types\/page"}],"author":[{"embeddable":true,"href":"https:\/\/denuncias.pt\/caixacreditoleiria\/wp-json\/wp\/v2\/users\/1"}],"replies":[{"embeddable":true,"href":"https:\/\/denuncias.pt\/caixacreditoleiria\/wp-json\/wp\/v2\/comments?post=24471"}],"version-history":[{"count":2,"href":"https:\/\/denuncias.pt\/caixacreditoleiria\/wp-json\/wp\/v2\/pages\/24471\/revisions"}],"predecessor-version":[{"id":24540,"href":"https:\/\/denuncias.pt\/caixacreditoleiria\/wp-json\/wp\/v2\/pages\/24471\/revisions\/24540"}],"wp:attachment":[{"href":"https:\/\/denuncias.pt\/caixacreditoleiria\/wp-json\/wp\/v2\/media?parent=24471"}],"wp:term":[{"taxonomy":"category","embeddable":true,"href":"https:\/\/denuncias.pt\/caixacreditoleiria\/wp-json\/wp\/v2\/categories?post=24471"},{"taxonomy":"post_tag","embeddable":true,"href":"https:\/\/denuncias.pt\/caixacreditoleiria\/wp-json\/wp\/v2\/tags?post=24471"}],"curies":[{"name":"wp","href":"https:\/\/api.w.org\/{rel}","templated":true}]}}